{"id":1719,"date":"2020-04-27T13:08:41","date_gmt":"2020-04-27T13:08:41","guid":{"rendered":"https:\/\/www.metalock.com.br\/?page_id=1719"},"modified":"2020-06-12T21:04:33","modified_gmt":"2020-06-12T21:04:33","slug":"politica-de-cookies","status":"publish","type":"page","link":"http:\/\/www.metalock.com.br\/en\/politica-de-cookies\/","title":{"rendered":"Cookie Policy"},"content":{"rendered":"<div class=\"cli_pg_page_contaner\">\n<h3>Sobre esta pol\u00edtica de cookies.<\/h3>\n<div>Esta Pol\u00edtica de Cookies explica o que s\u00e3o cookies e como os usamos. Voc\u00ea deve ler esta pol\u00edtica para entender o que s\u00e3o cookies, como os usamos, os tipos de cookies que usamos, ou seja, as informa\u00e7\u00f5es que coletamos usando cookies e como essas informa\u00e7\u00f5es s\u00e3o usadas e como controlar as prefer\u00eancias de cookies. Para mais informa\u00e7\u00f5es sobre como usamos, armazenamos e mantemos seus dados pessoais seguros, consulte nossa Pol\u00edtica de Privacidade.Voc\u00ea pode a qualquer momento alterar ou retirar seu consentimento da Declara\u00e7\u00e3o de Cookies em nosso site.Saiba mais sobre quem somos, como voc\u00ea pode entrar em contato conosco e como processamos dados pessoais em nossa Pol\u00edtica de Privacidade.Seu consentimento se aplica aos seguintes dom\u00ednios:\u00a0www.metalock.com.br<div class=\"wt-cli-element cli_user_consent_state\">Your current state: No consent given. <a class=\"cli_manage_current_consent\" style=\"cursor:pointer;\">Manage your consent.<\/a> <\/div><\/div>\n<h3>O que s\u00e3o cookies?<\/h3>\n<div>Cookies s\u00e3o pequenos arquivos de texto usados \u200b\u200bpara armazenar pequenas informa\u00e7\u00f5es. Os cookies s\u00e3o armazenados no seu dispositivo quando o site \u00e9 carregado no seu navegador. Esses cookies nos ajudam a fazer o site funcionar corretamente, tornar o site mais seguro, proporcionar uma melhor experi\u00eancia ao usu\u00e1rio e entender como o site funciona e analisar o que funciona e onde precisa ser aprimorado.<\/div>\n<h3>Como usamos cookies?<\/h3>\n<div>Como a maioria dos servi\u00e7os on-line, nosso site usa cookies de terceiros e de terceiros para diversas finalidades. Os cookies prim\u00e1rios s\u00e3o principalmente necess\u00e1rios para que o site funcione da maneira correta e n\u00e3o coletam nenhum dos seus dados de identifica\u00e7\u00e3o pessoal.Os cookies de terceiros usados \u200b\u200bem nossos sites s\u00e3o usados \u200b\u200bprincipalmente para entender o desempenho do site, como voc\u00ea interage com nosso site, mant\u00e9m nossos servi\u00e7os seguros, fornece an\u00fancios relevantes para voc\u00ea e, em geral, fornece uma melhor e melhorada experi\u00eancia do usu\u00e1rio e ajude a acelerar suas futuras intera\u00e7\u00f5es com nosso site.<\/div>\n<h3>Que tipos de cookies usamos?<\/h3>\n<div>Os cookies usados \u200b\u200bem nosso site est\u00e3o agrupados nas seguintes categorias.<div class=\"wt-cli-element cli_cookie_category_single\"><div class=\"cli_cookie_category_single\"><h5 class=\"cli_cookie_category_single_hd\">Necessary<\/h5><div class=\"cli_cookie_category_single_description\"><p>Os cookies necess\u00e1rios s\u00e3o absolutamente essenciais para que o site funcione corretamente. Esta categoria inclui apenas cookies que garantem funcionalidades b\u00e1sicas e recursos de seguran\u00e7a do site. Esses cookies n\u00e3o armazenam nenhuma informa\u00e7\u00e3o pessoal.<\/p><\/div><\/div><div class=\"cli_cookie_category_single\"><h5 class=\"cli_cookie_category_single_hd\">Non Necessary<\/h5><div class=\"cli_cookie_category_single_description\"><p>Quaisquer cookies que possam n\u00e3o ser particularmente necess\u00e1rios para o funcionamento do site e sejam usados \u200b\u200bespecificamente para coletar dados pessoais do usu\u00e1rio por meio de an\u00e1lises, an\u00fancios e outros conte\u00fados incorporados s\u00e3o denominados cookies n\u00e3o necess\u00e1rios. \u00c9 obrigat\u00f3rio obter o consentimento do usu\u00e1rio antes da execu\u00e7\u00e3o desses cookies no seu site.<\/p><\/div><\/div><div class=\"cli_cookie_category_single\"><h5 class=\"cli_cookie_category_single_hd\">Analytics<\/h5><div class=\"cli_cookie_category_single_description\"><p>Os cookies anal\u00edticos s\u00e3o usados \u200b\u200bpara entender como os visitantes interagem com o site. Esses cookies ajudam a fornecer informa\u00e7\u00f5es sobre m\u00e9tricas, n\u00famero de visitantes, taxa de rejei\u00e7\u00e3o, origem do tr\u00e1fego etc.<\/p><\/div><\/div><div class=\"cli_cookie_category_single\"><h5 class=\"cli_cookie_category_single_hd\">Other<\/h5><div class=\"cli_cookie_category_single_description\"><p>Outros cookies n\u00e3o categorizados s\u00e3o aqueles que est\u00e3o sendo analisados \u200b\u200be ainda n\u00e3o foram classificados em uma categoria.<\/p><\/div><\/div><div class=\"cli_cookie_category_single\"><h5 class=\"cli_cookie_category_single_hd\">Performance<\/h5><div class=\"cli_cookie_category_single_description\"><p>Os cookies de desempenho s\u00e3o usados \u200b\u200bpara entender e analisar os principais \u00edndices de desempenho do site, o que ajuda a proporcionar uma melhor experi\u00eancia do usu\u00e1rio para os visitantes.<\/p><\/div><\/div><div class=\"cli_cookie_category_single\"><h5 class=\"cli_cookie_category_single_hd\">Advertisement<\/h5><div class=\"cli_cookie_category_single_description\"><p>Os cookies de publicidade s\u00e3o usados \u200b\u200bpara fornecer aos visitantes an\u00fancios relevantes e campanhas de marketing. Esses cookies rastreiam visitantes em sites e coletam informa\u00e7\u00f5es para fornecer an\u00fancios personalizados.<\/p><\/div><\/div><div class=\"cli_cookie_category_single\"><h5 class=\"cli_cookie_category_single_hd\">Uncategorized<\/h5><div class=\"cli_cookie_category_single_description\"><p>Undefined cookies are those that are being analyzed and have not been classified into a category as yet.<\/p>\n<\/div><\/div><div class=\"cli_cookie_category_single\"><h5 class=\"cli_cookie_category_single_hd\">Functional<\/h5><div class=\"cli_cookie_category_single_description\"><p>Functional cookies help to perform certain functionalities like sharing the content of the website on social media platforms, collect feedbacks, and other third-party features.<\/p>\n<\/div><\/div><\/div>A lista abaixo detalha os cookies usados \u200b\u200bem nosso site.<table class=\"wt-cli-element cookielawinfo-classic cookielawinfo-row-cat-table\"><thead><tr><th scope=\"col\" class=\"cookielawinfo-column-1\">Cookie<\/th><th scope=\"col\" class=\"cookielawinfo-column-4\">Description<\/th><\/thead><tbody><tr class=\"cookielawinfo-row-cat-title\"><th colspan=\"2\" class=\"cookielawinfo-row-cat-title-head\">Necessary<\/th><\/tr><tr class=\"cookielawinfo-row\"><td class=\"cookielawinfo-column-1\">qtrans_front_language<\/td><td class=\"cookielawinfo-column-4\">This cookie is set by qTranslate WordPress plugin. The cookie is used to manage the preferred language of the visitor.<\/td><\/tr><tr class=\"cookielawinfo-row\"><td class=\"cookielawinfo-column-1\">viewed_cookie_policy<\/td><td class=\"cookielawinfo-column-4\">The cookie is set by the GDPR Cookie Consent plugin and is used to store whether or not user has consented to the use of cookies. It does not store any personal data.<\/td><\/tr><tr class=\"cookielawinfo-row\"><td class=\"cookielawinfo-column-1\">cookielawinfo-checkbox-necessary<\/td><td class=\"cookielawinfo-column-4\">This cookie is set by GDPR Cookie Consent plugin. The cookies is used to store the user consent for the cookies in the category \"Necessary\".<\/td><\/tr><tr class=\"cookielawinfo-row\"><td class=\"cookielawinfo-column-1\">cookielawinfo-checkbox-non-necessary<\/td><td class=\"cookielawinfo-column-4\">This cookie is set by GDPR Cookie Consent plugin. The cookies is used to store the user consent for the cookies in the category \"Non Necessary\".<\/td><\/tr><tr class=\"cookielawinfo-row-cat-title\"><th colspan=\"2\" class=\"cookielawinfo-row-cat-title-head\">Non Necessary<\/th><\/tr><tr class=\"cookielawinfo-row\"><td class=\"cookielawinfo-column-1\">IDE<\/td><td class=\"cookielawinfo-column-4\">Used by Google DoubleClick and stores information about how the user uses the website and any other advertisement before visiting the website. This is used to present users with ads that are relevant to them according to the user profile.<\/td><\/tr><tr class=\"cookielawinfo-row-cat-title\"><th colspan=\"2\" class=\"cookielawinfo-row-cat-title-head\">Analytics<\/th><\/tr><tr class=\"cookielawinfo-row\"><td class=\"cookielawinfo-column-1\">_ga<\/td><td class=\"cookielawinfo-column-4\">This cookie is installed by Google Analytics. The cookie is used to calculate visitor, session, campaign data and keep track of site usage for the site's analytics report. The cookies store information anonymously and assign a randomly generated number to identify unique visitors.<\/td><\/tr><tr class=\"cookielawinfo-row\"><td class=\"cookielawinfo-column-1\">_gid<\/td><td class=\"cookielawinfo-column-4\">This cookie is installed by Google Analytics. The cookie is used to store information of how visitors use a website and helps in creating an analytics report of how the wbsite is doing. The data collected including the number visitors, the source where they have come from, and the pages viisted in an anonymous form.<\/td><\/tr><tr class=\"cookielawinfo-row\"><td class=\"cookielawinfo-column-1\">GPS<\/td><td class=\"cookielawinfo-column-4\">This cookie is set by Youtube and registers a unique ID for tracking users based on their geographical location<\/td><\/tr><tr class=\"cookielawinfo-row\"><td class=\"cookielawinfo-column-1\">__stid<\/td><td class=\"cookielawinfo-column-4\">The cookie is set by ShareThis. The cookie is used for site analytics to determine the pages visited, the amount of time spent, etc.<\/td><\/tr><tr class=\"cookielawinfo-row-cat-title\"><th colspan=\"2\" class=\"cookielawinfo-row-cat-title-head\">Other<\/th><\/tr><tr class=\"cookielawinfo-row\"><td class=\"cookielawinfo-column-1\">__stidv<\/td><td class=\"cookielawinfo-column-4\">The \u201c__stid\u201d cookie is set as part of the ShareThis service and monitors \u201cuser-activity\u201d, e.g. Web pages viewed, navigation from page to page, time spent on each page etc. The ShareThis service only personally identifies you if you have separately signed up with ShareThis for a ShareThis account and given them your consent. If you are interested in reading the privacy policy of ShareThis you can find it here.<\/td><\/tr><tr class=\"cookielawinfo-row-cat-title\"><th colspan=\"2\" class=\"cookielawinfo-row-cat-title-head\">Performance<\/th><\/tr><tr class=\"cookielawinfo-row\"><td class=\"cookielawinfo-column-1\">_gat<\/td><td class=\"cookielawinfo-column-4\">This cookies is installed by Google Universal Analytics to throttle the request rate to limit the colllection of data on high traffic sites.<\/td><\/tr><tr class=\"cookielawinfo-row\"><td class=\"cookielawinfo-column-1\">YSC<\/td><td class=\"cookielawinfo-column-4\">This cookies is set by Youtube and is used to track the views of embedded videos.<\/td><\/tr><tr class=\"cookielawinfo-row-cat-title\"><th colspan=\"2\" class=\"cookielawinfo-row-cat-title-head\">Advertisement<\/th><\/tr><tr class=\"cookielawinfo-row\"><td class=\"cookielawinfo-column-1\">VISITOR_INFO1_LIVE<\/td><td class=\"cookielawinfo-column-4\">This cookie is set by Youtube. Used to track the information of the embedded YouTube videos on a website.<\/td><\/tr><tr class=\"cookielawinfo-row\"><td class=\"cookielawinfo-column-1\">IDE<\/td><td class=\"cookielawinfo-column-4\">Used by Google DoubleClick and stores information about how the user uses the website and any other advertisement before visiting the website. This is used to present users with ads that are relevant to them according to the user profile.<\/td><\/tr><tr class=\"cookielawinfo-row-cat-title\"><th colspan=\"2\" class=\"cookielawinfo-row-cat-title-head\">Uncategorized<\/th><\/tr><tr class=\"cookielawinfo-row\"><td class=\"cookielawinfo-column-1\">cookielawinfo-checkbox-necessarios<\/td><td class=\"cookielawinfo-column-4\"><\/td><\/tr><tr class=\"cookielawinfo-row\"><td class=\"cookielawinfo-column-1\">cookielawinfo-checkbox-publicidade<\/td><td class=\"cookielawinfo-column-4\"><\/td><\/tr><tr class=\"cookielawinfo-row\"><td class=\"cookielawinfo-column-1\">um<\/td><td class=\"cookielawinfo-column-4\">Set by addthis.com.(Purpose not known)<\/td><\/tr><tr class=\"cookielawinfo-row\"><td class=\"cookielawinfo-column-1\">UIDR<\/td><td class=\"cookielawinfo-column-4\">This cookie is set bu scorecardresearch.com. The cookie is used to tracks the users activity across the internet on the browser such as visit timestamp, IP address, and most recently visited webpages. and may the data send to 3rd party for analysis and reporting to help their clients better understand user preferences.<\/td><\/tr><tr class=\"cookielawinfo-row\"><td class=\"cookielawinfo-column-1\">mus<\/td><td class=\"cookielawinfo-column-4\"><\/td><\/tr><tr class=\"cookielawinfo-row-cat-title\"><th colspan=\"2\" class=\"cookielawinfo-row-cat-title-head\">Functional<\/th><\/tr><tr class=\"cookielawinfo-row\"><td class=\"cookielawinfo-column-1\">__atuvc<\/td><td class=\"cookielawinfo-column-4\">This cookie is set by Addthis to make sure you see the updated count if you share a page and return to it before our share count cache is updated.<\/td><\/tr><tr class=\"cookielawinfo-row\"><td class=\"cookielawinfo-column-1\">__atuvs<\/td><td class=\"cookielawinfo-column-4\">This cookie is set by Addthis to make sure you see the updated count if you share a page and return to it before our share count cache is updated.<\/td><\/tr><tr class=\"cookielawinfo-row\"><td class=\"cookielawinfo-column-1\">vc<\/td><td class=\"cookielawinfo-column-4\">This cookie is set by addthis.com on sites that allow sharing on social media.<\/td><\/tr><tr class=\"cookielawinfo-row\"><td class=\"cookielawinfo-column-1\">ouid<\/td><td class=\"cookielawinfo-column-4\">The cookie is set by Addthis which enables the content of the website to be shared across different networking and social sharing websites.<\/td><\/tr><tr class=\"cookielawinfo-row\"><td class=\"cookielawinfo-column-1\">na_id<\/td><td class=\"cookielawinfo-column-4\">This cookie is set by Addthis.com to enable sharing of links on social media platforms like Facebook and Twitter<\/td><\/tr><\/tbody><\/table><\/div>\n<h3>Como posso controlar as prefer\u00eancias de cookies?<\/h3>\n<div>Voc\u00ea pode gerenciar suas prefer\u00eancias de cookies clicando no bot\u00e3o &#8220;Configura\u00e7\u00f5es&#8221; e ativando ou desativando as categorias de cookies no pop-up, de acordo com suas prefer\u00eancias.Caso decida alterar suas prefer\u00eancias posteriormente na sess\u00e3o de navega\u00e7\u00e3o, clique na guia &#8220;Pol\u00edtica de Privacidade e Cookies&#8221; na tela. Isso exibir\u00e1 o aviso de consentimento novamente, permitindo que voc\u00ea altere suas prefer\u00eancias ou retire seu consentimento completamente.Al\u00e9m disso, navegadores diferentes fornecem m\u00e9todos diferentes para bloquear e excluir cookies usados \u200b\u200bpelos sites. Voc\u00ea pode alterar as configura\u00e7\u00f5es do seu navegador para bloquear \/ excluir os cookies. Para saber mais sobre como gerenciar e excluir cookies, visite wikipedia.org, www.allaboutcookies.org.<\/div>\n<p class=\"wt-cli-element\" style=\"color:#333; clear:both; font-style:italic; font-size:12px; margin-top:15px;\">Powered By <a href=\"https:\/\/www.webtoffee.com\/\" style=\"color:#333; font-weight:600; font-size:12px;\">WebToffee<\/a><\/p>\n<\/div>\n","protected":false},"excerpt":{"rendered":"<p>Sobre esta pol\u00edtica de cookies. Esta Pol\u00edtica de Cookies explica o que s\u00e3o cookies e como os usamos. Voc\u00ea deve ler esta pol\u00edtica para entender o que s\u00e3o cookies, como os usamos, os tipos de cookies que usamos, ou seja, as informa\u00e7\u00f5es que coletamos usando cookies e como essas informa\u00e7\u00f5es s\u00e3o usadas e como controlar [&hellip;]<\/p>\n","protected":false},"author":1,"featured_media":0,"parent":0,"menu_order":0,"comment_status":"closed","ping_status":"closed","template":"","meta":{"_acf_changed":false,"footnotes":""},"class_list":["post-1719","page","type-page","status-publish","hentry"],"acf":[],"yoast_head":"<!-- This site is optimized with the Yoast SEO plugin v27.4 - https:\/\/yoast.com\/product\/yoast-seo-wordpress\/ -->\n<title>Cookie Policy - Metalock<\/title>\n<meta name=\"robots\" content=\"index, follow, max-snippet:-1, max-image-preview:large, max-video-preview:-1\" \/>\n<link rel=\"canonical\" href=\"https:\/\/www.metalock.com.br\/politica-de-cookies\/\" \/>\n<meta property=\"og:locale\" content=\"en_US\" \/>\n<meta property=\"og:type\" content=\"article\" \/>\n<meta property=\"og:title\" content=\"[:pt]Pol\u00edtica de Cookies[:en]Cookie Policy[:] - Metalock\" \/>\n<meta property=\"og:description\" content=\"Sobre esta pol\u00edtica de cookies. Esta Pol\u00edtica de Cookies explica o que s\u00e3o cookies e como os usamos. Voc\u00ea deve ler esta pol\u00edtica para entender o que s\u00e3o cookies, como os usamos, os tipos de cookies que usamos, ou seja, as informa\u00e7\u00f5es que coletamos usando cookies e como essas informa\u00e7\u00f5es s\u00e3o usadas e como controlar [&hellip;]\" \/>\n<meta property=\"og:url\" content=\"https:\/\/www.metalock.com.br\/politica-de-cookies\/\" \/>\n<meta property=\"og:site_name\" content=\"Metalock\" \/>\n<meta property=\"article:publisher\" content=\"https:\/\/facebook.com\/metalock.brasil\" \/>\n<meta property=\"article:modified_time\" content=\"2020-06-12T21:04:33+00:00\" \/>\n<meta name=\"twitter:label1\" content=\"Est. reading time\" \/>\n\t<meta name=\"twitter:data1\" content=\"2 minutes\" \/>\n<script type=\"application\/ld+json\" class=\"yoast-schema-graph\">{\"@context\":\"https:\\\/\\\/schema.org\",\"@graph\":[{\"@type\":\"WebPage\",\"@id\":\"https:\\\/\\\/www.metalock.com.br\\\/politica-de-cookies\\\/\",\"url\":\"https:\\\/\\\/www.metalock.com.br\\\/politica-de-cookies\\\/\",\"name\":\"[:pt]Pol\u00edtica de Cookies[:en]Cookie Policy[:] - Metalock\",\"isPartOf\":{\"@id\":\"https:\\\/\\\/www.metalock.com.br\\\/#website\"},\"datePublished\":\"2020-04-27T13:08:41+00:00\",\"dateModified\":\"2020-06-12T21:04:33+00:00\",\"breadcrumb\":{\"@id\":\"https:\\\/\\\/www.metalock.com.br\\\/politica-de-cookies\\\/#breadcrumb\"},\"inLanguage\":\"en-US\",\"potentialAction\":[{\"@type\":\"ReadAction\",\"target\":[\"https:\\\/\\\/www.metalock.com.br\\\/politica-de-cookies\\\/\"]}]},{\"@type\":\"BreadcrumbList\",\"@id\":\"https:\\\/\\\/www.metalock.com.br\\\/politica-de-cookies\\\/#breadcrumb\",\"itemListElement\":[{\"@type\":\"ListItem\",\"position\":1,\"name\":\"In\u00edcio\",\"item\":\"https:\\\/\\\/www.metalock.com.br\\\/\"},{\"@type\":\"ListItem\",\"position\":2,\"name\":\"Pol\u00edtica de Cookies\"}]},{\"@type\":\"WebSite\",\"@id\":\"https:\\\/\\\/www.metalock.com.br\\\/#website\",\"url\":\"https:\\\/\\\/www.metalock.com.br\\\/\",\"name\":\"Metalock\",\"description\":\"S\u00f3 mais um site WordPress\",\"publisher\":{\"@id\":\"https:\\\/\\\/www.metalock.com.br\\\/#organization\"},\"potentialAction\":[{\"@type\":\"SearchAction\",\"target\":{\"@type\":\"EntryPoint\",\"urlTemplate\":\"https:\\\/\\\/www.metalock.com.br\\\/?s={search_term_string}\"},\"query-input\":{\"@type\":\"PropertyValueSpecification\",\"valueRequired\":true,\"valueName\":\"search_term_string\"}}],\"inLanguage\":\"en-US\"},{\"@type\":\"Organization\",\"@id\":\"https:\\\/\\\/www.metalock.com.br\\\/#organization\",\"name\":\"Metalock Brasil Ltda.\",\"url\":\"https:\\\/\\\/www.metalock.com.br\\\/\",\"logo\":{\"@type\":\"ImageObject\",\"inLanguage\":\"en-US\",\"@id\":\"https:\\\/\\\/www.metalock.com.br\\\/#\\\/schema\\\/logo\\\/image\\\/\",\"url\":\"https:\\\/\\\/www.metalock.com.br\\\/wp-content\\\/uploads\\\/2020\\\/04\\\/cropped-selo_metalock.png\",\"contentUrl\":\"https:\\\/\\\/www.metalock.com.br\\\/wp-content\\\/uploads\\\/2020\\\/04\\\/cropped-selo_metalock.png\",\"width\":512,\"height\":512,\"caption\":\"Metalock Brasil Ltda.\"},\"image\":{\"@id\":\"https:\\\/\\\/www.metalock.com.br\\\/#\\\/schema\\\/logo\\\/image\\\/\"},\"sameAs\":[\"https:\\\/\\\/facebook.com\\\/metalock.brasil\",\"https:\\\/\\\/www.instagram.com\\\/metalockbrasil\\\/\",\"https:\\\/\\\/www.linkedin.com\\\/company\\\/metalock-brasil-ltda-\\\/\"]}]}<\/script>\n<!-- \/ Yoast SEO plugin. -->","yoast_head_json":{"title":"[:pt]Pol\u00edtica de Cookies[:en]Cookie Policy[:] - Metalock","robots":{"index":"index","follow":"follow","max-snippet":"max-snippet:-1","max-image-preview":"max-image-preview:large","max-video-preview":"max-video-preview:-1"},"canonical":"https:\/\/www.metalock.com.br\/politica-de-cookies\/","og_locale":"en_US","og_type":"article","og_title":"[:pt]Pol\u00edtica de Cookies[:en]Cookie Policy[:] - Metalock","og_description":"Sobre esta pol\u00edtica de cookies. Esta Pol\u00edtica de Cookies explica o que s\u00e3o cookies e como os usamos. Voc\u00ea deve ler esta pol\u00edtica para entender o que s\u00e3o cookies, como os usamos, os tipos de cookies que usamos, ou seja, as informa\u00e7\u00f5es que coletamos usando cookies e como essas informa\u00e7\u00f5es s\u00e3o usadas e como controlar [&hellip;]","og_url":"https:\/\/www.metalock.com.br\/politica-de-cookies\/","og_site_name":"Metalock","article_publisher":"https:\/\/facebook.com\/metalock.brasil","article_modified_time":"2020-06-12T21:04:33+00:00","twitter_misc":{"Est. reading time":"2 minutes"},"schema":{"@context":"https:\/\/schema.org","@graph":[{"@type":"WebPage","@id":"https:\/\/www.metalock.com.br\/politica-de-cookies\/","url":"https:\/\/www.metalock.com.br\/politica-de-cookies\/","name":"[:pt]Pol\u00edtica de Cookies[:en]Cookie Policy[:] - Metalock","isPartOf":{"@id":"https:\/\/www.metalock.com.br\/#website"},"datePublished":"2020-04-27T13:08:41+00:00","dateModified":"2020-06-12T21:04:33+00:00","breadcrumb":{"@id":"https:\/\/www.metalock.com.br\/politica-de-cookies\/#breadcrumb"},"inLanguage":"en-US","potentialAction":[{"@type":"ReadAction","target":["https:\/\/www.metalock.com.br\/politica-de-cookies\/"]}]},{"@type":"BreadcrumbList","@id":"https:\/\/www.metalock.com.br\/politica-de-cookies\/#breadcrumb","itemListElement":[{"@type":"ListItem","position":1,"name":"In\u00edcio","item":"https:\/\/www.metalock.com.br\/"},{"@type":"ListItem","position":2,"name":"Pol\u00edtica de Cookies"}]},{"@type":"WebSite","@id":"https:\/\/www.metalock.com.br\/#website","url":"https:\/\/www.metalock.com.br\/","name":"Metalock","description":"S\u00f3 mais um site WordPress","publisher":{"@id":"https:\/\/www.metalock.com.br\/#organization"},"potentialAction":[{"@type":"SearchAction","target":{"@type":"EntryPoint","urlTemplate":"https:\/\/www.metalock.com.br\/?s={search_term_string}"},"query-input":{"@type":"PropertyValueSpecification","valueRequired":true,"valueName":"search_term_string"}}],"inLanguage":"en-US"},{"@type":"Organization","@id":"https:\/\/www.metalock.com.br\/#organization","name":"Metalock Brasil Ltda.","url":"https:\/\/www.metalock.com.br\/","logo":{"@type":"ImageObject","inLanguage":"en-US","@id":"https:\/\/www.metalock.com.br\/#\/schema\/logo\/image\/","url":"https:\/\/www.metalock.com.br\/wp-content\/uploads\/2020\/04\/cropped-selo_metalock.png","contentUrl":"https:\/\/www.metalock.com.br\/wp-content\/uploads\/2020\/04\/cropped-selo_metalock.png","width":512,"height":512,"caption":"Metalock Brasil Ltda."},"image":{"@id":"https:\/\/www.metalock.com.br\/#\/schema\/logo\/image\/"},"sameAs":["https:\/\/facebook.com\/metalock.brasil","https:\/\/www.instagram.com\/metalockbrasil\/","https:\/\/www.linkedin.com\/company\/metalock-brasil-ltda-\/"]}]}},"_links":{"self":[{"href":"http:\/\/www.metalock.com.br\/en\/wp-json\/wp\/v2\/pages\/1719","targetHints":{"allow":["GET"]}}],"collection":[{"href":"http:\/\/www.metalock.com.br\/en\/wp-json\/wp\/v2\/pages"}],"about":[{"href":"http:\/\/www.metalock.com.br\/en\/wp-json\/wp\/v2\/types\/page"}],"author":[{"embeddable":true,"href":"http:\/\/www.metalock.com.br\/en\/wp-json\/wp\/v2\/users\/1"}],"replies":[{"embeddable":true,"href":"http:\/\/www.metalock.com.br\/en\/wp-json\/wp\/v2\/comments?post=1719"}],"version-history":[{"count":1,"href":"http:\/\/www.metalock.com.br\/en\/wp-json\/wp\/v2\/pages\/1719\/revisions"}],"predecessor-version":[{"id":1720,"href":"http:\/\/www.metalock.com.br\/en\/wp-json\/wp\/v2\/pages\/1719\/revisions\/1720"}],"wp:attachment":[{"href":"http:\/\/www.metalock.com.br\/en\/wp-json\/wp\/v2\/media?parent=1719"}],"curies":[{"name":"wp","href":"https:\/\/api.w.org\/{rel}","templated":true}]}}