{"id":61,"date":"2014-08-07T19:44:10","date_gmt":"2014-08-07T19:44:10","guid":{"rendered":"https:\/\/www.metalock.com.br\/?page_id=61"},"modified":"2019-08-21T12:28:03","modified_gmt":"2019-08-21T12:28:03","slug":"sobre-nos","status":"publish","type":"page","link":"http:\/\/www.metalock.com.br\/en\/sobre-nos\/","title":{"rendered":"About Us"},"content":{"rendered":"<p><\/p>\n<div id=\"sobre\">\n<div class=\"esquerda\"><\/p>\n<h2>HISTORY<\/h2>\n<p>The word Metalock stands for a highly successful technology intended for the repair of cracked or broken cast iron or cast steel. This cold process originated in the oil fields of Texas in the 1930\u2019s; it was developed to eliminate the dangers of open flame welding in inflammable conditions.<\/p>\n<p>The process had many ancillary advantages, such as the absence of heat meaning the elimination of distortion, reduction in post repair machining and pressure tightness.<\/p>\n<p>Metalock (Britain) Ltd was created in 1947 and its great success led to the creation of the Metalock International Association in 1953. The original members were the companies from UK, France, Sweden and Norway. These partners funded associated companies throughout the world. Most, not all, used the Metalock name. Today these and further independent companies are members of the Metalock International Association.<\/p>\n<p>Metalock activities in Brazil started in S\u00e3o Paulo, in June of 1957, with the name Unilock. The basic activity then was performing repairs to cold cast iron components, mainly for industrial and marine equipment, such as diesel engines. At that time, most industrial machinery was made in cast iron and the repair market expanded because there was a shortage of spare parts, as a consequence of the war. During those initial years, there was considerable demand for marine equipment repairs in Brazil. When steel substituted cast iron in equipment, Unilock, who was by then well established in the industrial market, diversified its activities. In January of 1961, it took over Oficina Duncan, a marine engineering service company in Santos, and after this acquisition the new company adopted the name Metalock Brasil Ltda., adding marine engineering services market to its activities.<\/p>\n<p>The company expanded considerably its engineering services in the industrial, marine and offshore markets in Brazil, building itself a reputation for reliable services conducted in-house \u2013 cold stitching (Metalock\u00ae), mechanical, machining, in-situ machining, welding, plate work, boiler work, electrical, electronics, pneumatics, hydraulics, propulsion, refrigeration, electroplating, safety inspections.<\/p>\n<p>Metalock Brasil are official service representatives for many manufacturers of marine equipment and its technicians regularly attend training courses at these manufacturers abroad, keeping abreast of technological developments and methods. In addition it has close working arrangements with other marine equipment manufacturers. Its repair teams are accustomed to working abroad, on board vessels during voyages and are readily deployed to anywhere in the world.<\/p>\n<p>Metalock Brasil is ISO 9001:2015 certified by DNV-GL.<\/p>\n<\/div>\n<div class=\"direita\"><\/p>\n<h2>Mission<\/h2>\n<p>Metalock Brasil offers unique repair solutions and marine and industrial equipment maintenance in the minimum time scenario.<\/p>\n<p>Metalock Brasil offers engineering solutions attending client requirements complying to service associated statutory requirements through personnel qualification, strategic alliances with original equipment manufacturers and in association with companies of equivalent international profile.<\/p>\n<h2>Vision<\/h2>\n<p>Maintain the Metalock name as a national and international reference for marine and industrial repair and maintenance services. Increase company performance in offshore and industrial markets. And expand specialized technical repair service range.<\/p>\n<h2>Values<\/h2>\n<p>\u30fb Credibility and trust.<br>\n\u30fb Quality and integrity.<br>\n\u30fb Care for our clients and employees.<br>\n\u30fb Obligation towards team-work.<\/p>\n<h2>Quality Management System<\/h2>\n<p>After a management decision taken during the 90s, Metalock Brasil maintains an ISO 9001 Certified Quality Management System as from 2000. This system is relevant for Mechanical, Electrical and Electronic Maintenance Services to the marine, offshore and industrial markets. The system is audited regularly by DNV-GL.<\/p>\n<h2 style=\"margin-top: 30px;\">SOCIAL RESPONSIBILITY<\/h2>\n<p>Metalock\u00ae Brasil supports:<\/p>\n<p>Funda\u00e7\u00e3o Abrinq | Instituto Ayrton Senna | Casa Esperan\u00e7a de Santos | ABRALE<br>\nABRASTA | Exercito da Salva\u00e7\u00e3o | IBAMA &#8211; MMA | Retalhar<\/p>\n<h2 style=\"margin-top: 30px;\">ASSOCIATIONS<\/h2>\n<h3>MIA \u2013 Metalock International Association \u2013 Working together, improving and expanding.<\/h3>\n<p>MIA \u2013 Metalock International Association \u2013 Working together, improving and expanding. MIA was formed in 1953. One of its key foundations is to develop technical know-how, research and Metalock materials for the execution of repairs using the cold stitching Metalock\u00ae Technique. MIA provides its own materials, tooling and expertise exclusively to its members. Conferences are hold once a year in various parts of the world enabling members to update techniques and extend the services they offer. The association has now grown into a unique organization operating in over 70 countries.<\/p>\n<p>The name Metalock Brasil is now synonymous with rapid response and high quality repair \u2013 often in challenging environments.<br>\n<a href=\"http:\/\/www.metalockinternational.org\" target=\"_blank\" rel=\"noopener\">http:\/\/www.metalockinternational.org<\/a><\/p>\n<p>Metalock Brasil is associated to ISES (International Ship Engineering Service Association), which qualifies the electrical services provided by its members around the world.<\/p>\n<p><a href=\"http:\/\/www.isesassociation.com\" target=\"_blank\" rel=\"noopener\">http:\/\/www.isesassociation.com<\/a><\/p>\n<p>\n<\/div>\n<\/div>\n<p><\/p>","protected":false},"excerpt":{"rendered":"","protected":false},"author":1,"featured_media":88,"parent":0,"menu_order":0,"comment_status":"open","ping_status":"open","template":"template-sobre-nos.php","meta":{"_acf_changed":false,"footnotes":""},"class_list":["post-61","page","type-page","status-publish","has-post-thumbnail","hentry"],"acf":[],"yoast_head":"<!-- This site is optimized with the Yoast SEO plugin v27.4 - https:\/\/yoast.com\/product\/yoast-seo-wordpress\/ -->\n<title>About Us - Metalock<\/title>\n<meta name=\"robots\" content=\"index, follow, max-snippet:-1, max-image-preview:large, max-video-preview:-1\" \/>\n<link rel=\"canonical\" href=\"https:\/\/www.metalock.com.br\/en\/sobre-nos\/\" \/>\n<meta property=\"og:locale\" content=\"en_US\" \/>\n<meta property=\"og:type\" content=\"article\" \/>\n<meta property=\"og:title\" content=\"[:pt]Sobre n\u00f3s[:en]About Us[:] - Metalock\" \/>\n<meta property=\"og:url\" content=\"https:\/\/www.metalock.com.br\/en\/sobre-nos\/\" \/>\n<meta property=\"og:site_name\" content=\"Metalock\" \/>\n<meta property=\"article:publisher\" content=\"https:\/\/facebook.com\/metalock.brasil\" \/>\n<meta property=\"article:modified_time\" content=\"2019-08-21T12:28:03+00:00\" \/>\n<meta property=\"og:image\" content=\"https:\/\/www.metalock.com.br\/wp-content\/uploads\/2014\/08\/sobre-nos.jpg\" \/>\n\t<meta property=\"og:image:width\" content=\"1100\" \/>\n\t<meta property=\"og:image:height\" content=\"333\" \/>\n\t<meta property=\"og:image:type\" content=\"image\/jpeg\" \/>\n<meta name=\"twitter:label1\" content=\"Est. reading time\" \/>\n\t<meta name=\"twitter:data1\" content=\"8 minutes\" \/>\n<script type=\"application\/ld+json\" class=\"yoast-schema-graph\">{\"@context\":\"https:\\\/\\\/schema.org\",\"@graph\":[{\"@type\":\"WebPage\",\"@id\":\"https:\\\/\\\/www.metalock.com.br\\\/en\\\/sobre-nos\\\/\",\"url\":\"https:\\\/\\\/www.metalock.com.br\\\/en\\\/sobre-nos\\\/\",\"name\":\"[:pt]Sobre n\u00f3s[:en]About Us[:] - Metalock\",\"isPartOf\":{\"@id\":\"https:\\\/\\\/www.metalock.com.br\\\/#website\"},\"primaryImageOfPage\":{\"@id\":\"https:\\\/\\\/www.metalock.com.br\\\/en\\\/sobre-nos\\\/#primaryimage\"},\"image\":{\"@id\":\"https:\\\/\\\/www.metalock.com.br\\\/en\\\/sobre-nos\\\/#primaryimage\"},\"thumbnailUrl\":\"https:\\\/\\\/www.metalock.com.br\\\/wp-content\\\/uploads\\\/2014\\\/08\\\/sobre-nos.jpg\",\"datePublished\":\"2014-08-07T19:44:10+00:00\",\"dateModified\":\"2019-08-21T12:28:03+00:00\",\"breadcrumb\":{\"@id\":\"https:\\\/\\\/www.metalock.com.br\\\/en\\\/sobre-nos\\\/#breadcrumb\"},\"inLanguage\":\"en-US\",\"potentialAction\":[{\"@type\":\"ReadAction\",\"target\":[\"https:\\\/\\\/www.metalock.com.br\\\/en\\\/sobre-nos\\\/\"]}]},{\"@type\":\"ImageObject\",\"inLanguage\":\"en-US\",\"@id\":\"https:\\\/\\\/www.metalock.com.br\\\/en\\\/sobre-nos\\\/#primaryimage\",\"url\":\"https:\\\/\\\/www.metalock.com.br\\\/wp-content\\\/uploads\\\/2014\\\/08\\\/sobre-nos.jpg\",\"contentUrl\":\"https:\\\/\\\/www.metalock.com.br\\\/wp-content\\\/uploads\\\/2014\\\/08\\\/sobre-nos.jpg\",\"width\":1100,\"height\":333},{\"@type\":\"BreadcrumbList\",\"@id\":\"https:\\\/\\\/www.metalock.com.br\\\/en\\\/sobre-nos\\\/#breadcrumb\",\"itemListElement\":[{\"@type\":\"ListItem\",\"position\":1,\"name\":\"In\u00edcio\",\"item\":\"https:\\\/\\\/www.metalock.com.br\\\/\"},{\"@type\":\"ListItem\",\"position\":2,\"name\":\"About Us\"}]},{\"@type\":\"WebSite\",\"@id\":\"https:\\\/\\\/www.metalock.com.br\\\/#website\",\"url\":\"https:\\\/\\\/www.metalock.com.br\\\/\",\"name\":\"Metalock\",\"description\":\"S\u00f3 mais um site WordPress\",\"publisher\":{\"@id\":\"https:\\\/\\\/www.metalock.com.br\\\/#organization\"},\"potentialAction\":[{\"@type\":\"SearchAction\",\"target\":{\"@type\":\"EntryPoint\",\"urlTemplate\":\"https:\\\/\\\/www.metalock.com.br\\\/?s={search_term_string}\"},\"query-input\":{\"@type\":\"PropertyValueSpecification\",\"valueRequired\":true,\"valueName\":\"search_term_string\"}}],\"inLanguage\":\"en-US\"},{\"@type\":\"Organization\",\"@id\":\"https:\\\/\\\/www.metalock.com.br\\\/#organization\",\"name\":\"Metalock Brasil Ltda.\",\"url\":\"https:\\\/\\\/www.metalock.com.br\\\/\",\"logo\":{\"@type\":\"ImageObject\",\"inLanguage\":\"en-US\",\"@id\":\"https:\\\/\\\/www.metalock.com.br\\\/#\\\/schema\\\/logo\\\/image\\\/\",\"url\":\"https:\\\/\\\/www.metalock.com.br\\\/wp-content\\\/uploads\\\/2020\\\/04\\\/cropped-selo_metalock.png\",\"contentUrl\":\"https:\\\/\\\/www.metalock.com.br\\\/wp-content\\\/uploads\\\/2020\\\/04\\\/cropped-selo_metalock.png\",\"width\":512,\"height\":512,\"caption\":\"Metalock Brasil Ltda.\"},\"image\":{\"@id\":\"https:\\\/\\\/www.metalock.com.br\\\/#\\\/schema\\\/logo\\\/image\\\/\"},\"sameAs\":[\"https:\\\/\\\/facebook.com\\\/metalock.brasil\",\"https:\\\/\\\/www.instagram.com\\\/metalockbrasil\\\/\",\"https:\\\/\\\/www.linkedin.com\\\/company\\\/metalock-brasil-ltda-\\\/\"]}]}<\/script>\n<!-- \/ Yoast SEO plugin. -->","yoast_head_json":{"title":"[:pt]Sobre n\u00f3s[:en]About Us[:] - Metalock","robots":{"index":"index","follow":"follow","max-snippet":"max-snippet:-1","max-image-preview":"max-image-preview:large","max-video-preview":"max-video-preview:-1"},"canonical":"https:\/\/www.metalock.com.br\/en\/sobre-nos\/","og_locale":"en_US","og_type":"article","og_title":"[:pt]Sobre n\u00f3s[:en]About Us[:] - Metalock","og_url":"https:\/\/www.metalock.com.br\/en\/sobre-nos\/","og_site_name":"Metalock","article_publisher":"https:\/\/facebook.com\/metalock.brasil","article_modified_time":"2019-08-21T12:28:03+00:00","og_image":[{"width":1100,"height":333,"url":"https:\/\/www.metalock.com.br\/wp-content\/uploads\/2014\/08\/sobre-nos.jpg","type":"image\/jpeg"}],"twitter_misc":{"Est. reading time":"8 minutes"},"schema":{"@context":"https:\/\/schema.org","@graph":[{"@type":"WebPage","@id":"https:\/\/www.metalock.com.br\/en\/sobre-nos\/","url":"https:\/\/www.metalock.com.br\/en\/sobre-nos\/","name":"[:pt]Sobre n\u00f3s[:en]About Us[:] - Metalock","isPartOf":{"@id":"https:\/\/www.metalock.com.br\/#website"},"primaryImageOfPage":{"@id":"https:\/\/www.metalock.com.br\/en\/sobre-nos\/#primaryimage"},"image":{"@id":"https:\/\/www.metalock.com.br\/en\/sobre-nos\/#primaryimage"},"thumbnailUrl":"https:\/\/www.metalock.com.br\/wp-content\/uploads\/2014\/08\/sobre-nos.jpg","datePublished":"2014-08-07T19:44:10+00:00","dateModified":"2019-08-21T12:28:03+00:00","breadcrumb":{"@id":"https:\/\/www.metalock.com.br\/en\/sobre-nos\/#breadcrumb"},"inLanguage":"en-US","potentialAction":[{"@type":"ReadAction","target":["https:\/\/www.metalock.com.br\/en\/sobre-nos\/"]}]},{"@type":"ImageObject","inLanguage":"en-US","@id":"https:\/\/www.metalock.com.br\/en\/sobre-nos\/#primaryimage","url":"https:\/\/www.metalock.com.br\/wp-content\/uploads\/2014\/08\/sobre-nos.jpg","contentUrl":"https:\/\/www.metalock.com.br\/wp-content\/uploads\/2014\/08\/sobre-nos.jpg","width":1100,"height":333},{"@type":"BreadcrumbList","@id":"https:\/\/www.metalock.com.br\/en\/sobre-nos\/#breadcrumb","itemListElement":[{"@type":"ListItem","position":1,"name":"In\u00edcio","item":"https:\/\/www.metalock.com.br\/"},{"@type":"ListItem","position":2,"name":"About Us"}]},{"@type":"WebSite","@id":"https:\/\/www.metalock.com.br\/#website","url":"https:\/\/www.metalock.com.br\/","name":"Metalock","description":"S\u00f3 mais um site WordPress","publisher":{"@id":"https:\/\/www.metalock.com.br\/#organization"},"potentialAction":[{"@type":"SearchAction","target":{"@type":"EntryPoint","urlTemplate":"https:\/\/www.metalock.com.br\/?s={search_term_string}"},"query-input":{"@type":"PropertyValueSpecification","valueRequired":true,"valueName":"search_term_string"}}],"inLanguage":"en-US"},{"@type":"Organization","@id":"https:\/\/www.metalock.com.br\/#organization","name":"Metalock Brasil Ltda.","url":"https:\/\/www.metalock.com.br\/","logo":{"@type":"ImageObject","inLanguage":"en-US","@id":"https:\/\/www.metalock.com.br\/#\/schema\/logo\/image\/","url":"https:\/\/www.metalock.com.br\/wp-content\/uploads\/2020\/04\/cropped-selo_metalock.png","contentUrl":"https:\/\/www.metalock.com.br\/wp-content\/uploads\/2020\/04\/cropped-selo_metalock.png","width":512,"height":512,"caption":"Metalock Brasil Ltda."},"image":{"@id":"https:\/\/www.metalock.com.br\/#\/schema\/logo\/image\/"},"sameAs":["https:\/\/facebook.com\/metalock.brasil","https:\/\/www.instagram.com\/metalockbrasil\/","https:\/\/www.linkedin.com\/company\/metalock-brasil-ltda-\/"]}]}},"_links":{"self":[{"href":"http:\/\/www.metalock.com.br\/en\/wp-json\/wp\/v2\/pages\/61","targetHints":{"allow":["GET"]}}],"collection":[{"href":"http:\/\/www.metalock.com.br\/en\/wp-json\/wp\/v2\/pages"}],"about":[{"href":"http:\/\/www.metalock.com.br\/en\/wp-json\/wp\/v2\/types\/page"}],"author":[{"embeddable":true,"href":"http:\/\/www.metalock.com.br\/en\/wp-json\/wp\/v2\/users\/1"}],"replies":[{"embeddable":true,"href":"http:\/\/www.metalock.com.br\/en\/wp-json\/wp\/v2\/comments?post=61"}],"version-history":[{"count":54,"href":"http:\/\/www.metalock.com.br\/en\/wp-json\/wp\/v2\/pages\/61\/revisions"}],"predecessor-version":[{"id":1538,"href":"http:\/\/www.metalock.com.br\/en\/wp-json\/wp\/v2\/pages\/61\/revisions\/1538"}],"wp:featuredmedia":[{"embeddable":true,"href":"http:\/\/www.metalock.com.br\/en\/wp-json\/wp\/v2\/media\/88"}],"wp:attachment":[{"href":"http:\/\/www.metalock.com.br\/en\/wp-json\/wp\/v2\/media?parent=61"}],"curies":[{"name":"wp","href":"https:\/\/api.w.org\/{rel}","templated":true}]}}