{"id":2146,"date":"2020-11-13T18:02:33","date_gmt":"2020-11-13T18:02:33","guid":{"rendered":"https:\/\/www.metalock.com.br\/?page_id=2146"},"modified":"2022-01-26T22:04:46","modified_gmt":"2022-01-26T22:04:46","slug":"politica-anticorrupcao","status":"publish","type":"page","link":"https:\/\/www.metalock.com.br\/en\/politica-anticorrupcao\/","title":{"rendered":"Anti-Corruption Policy"},"content":{"rendered":"","protected":false},"excerpt":{"rendered":"","protected":false},"author":1,"featured_media":0,"parent":0,"menu_order":0,"comment_status":"closed","ping_status":"closed","template":"template-compliance-temp.php","meta":{"_acf_changed":false,"footnotes":""},"class_list":["post-2146","page","type-page","status-publish","hentry"],"acf":[],"yoast_head":"<!-- This site is optimized with the Yoast SEO plugin v27.4 - https:\/\/yoast.com\/product\/yoast-seo-wordpress\/ -->\n<title>Anti-Corruption Policy - Metalock<\/title>\n<meta name=\"robots\" content=\"index, follow, max-snippet:-1, max-image-preview:large, max-video-preview:-1\" \/>\n<link rel=\"canonical\" href=\"https:\/\/www.metalock.com.br\/politica-anticorrupcao\/\" \/>\n<meta property=\"og:locale\" content=\"en_US\" \/>\n<meta property=\"og:type\" content=\"article\" \/>\n<meta property=\"og:title\" content=\"[:pt]Pol\u00edtica Anticorrup\u00e7\u00e3o[:en]Anti-Corruption Policy[:] - Metalock\" \/>\n<meta property=\"og:url\" content=\"https:\/\/www.metalock.com.br\/politica-anticorrupcao\/\" \/>\n<meta property=\"og:site_name\" content=\"Metalock\" \/>\n<meta property=\"article:publisher\" content=\"https:\/\/facebook.com\/metalock.brasil\" \/>\n<meta property=\"article:modified_time\" content=\"2022-01-26T22:04:46+00:00\" \/>\n<script type=\"application\/ld+json\" class=\"yoast-schema-graph\">{\"@context\":\"https:\\\/\\\/schema.org\",\"@graph\":[{\"@type\":\"WebPage\",\"@id\":\"https:\\\/\\\/www.metalock.com.br\\\/politica-anticorrupcao\\\/\",\"url\":\"https:\\\/\\\/www.metalock.com.br\\\/politica-anticorrupcao\\\/\",\"name\":\"[:pt]Pol\u00edtica Anticorrup\u00e7\u00e3o[:en]Anti-Corruption Policy[:] - Metalock\",\"isPartOf\":{\"@id\":\"https:\\\/\\\/www.metalock.com.br\\\/en\\\/#website\"},\"datePublished\":\"2020-11-13T18:02:33+00:00\",\"dateModified\":\"2022-01-26T22:04:46+00:00\",\"breadcrumb\":{\"@id\":\"https:\\\/\\\/www.metalock.com.br\\\/politica-anticorrupcao\\\/#breadcrumb\"},\"inLanguage\":\"en-US\",\"potentialAction\":[{\"@type\":\"ReadAction\",\"target\":[\"https:\\\/\\\/www.metalock.com.br\\\/politica-anticorrupcao\\\/\"]}]},{\"@type\":\"BreadcrumbList\",\"@id\":\"https:\\\/\\\/www.metalock.com.br\\\/politica-anticorrupcao\\\/#breadcrumb\",\"itemListElement\":[{\"@type\":\"ListItem\",\"position\":1,\"name\":\"In\u00edcio\",\"item\":\"https:\\\/\\\/www.metalock.com.br\\\/en\\\/\"},{\"@type\":\"ListItem\",\"position\":2,\"name\":\"Pol\u00edtica Anticorrup\u00e7\u00e3o\"}]},{\"@type\":\"WebSite\",\"@id\":\"https:\\\/\\\/www.metalock.com.br\\\/en\\\/#website\",\"url\":\"https:\\\/\\\/www.metalock.com.br\\\/en\\\/\",\"name\":\"Metalock\",\"description\":\"S\u00f3 mais um site WordPress\",\"publisher\":{\"@id\":\"https:\\\/\\\/www.metalock.com.br\\\/en\\\/#organization\"},\"potentialAction\":[{\"@type\":\"SearchAction\",\"target\":{\"@type\":\"EntryPoint\",\"urlTemplate\":\"https:\\\/\\\/www.metalock.com.br\\\/en\\\/?s={search_term_string}\"},\"query-input\":{\"@type\":\"PropertyValueSpecification\",\"valueRequired\":true,\"valueName\":\"search_term_string\"}}],\"inLanguage\":\"en-US\"},{\"@type\":\"Organization\",\"@id\":\"https:\\\/\\\/www.metalock.com.br\\\/en\\\/#organization\",\"name\":\"Metalock Brasil Ltda.\",\"url\":\"https:\\\/\\\/www.metalock.com.br\\\/en\\\/\",\"logo\":{\"@type\":\"ImageObject\",\"inLanguage\":\"en-US\",\"@id\":\"https:\\\/\\\/www.metalock.com.br\\\/en\\\/#\\\/schema\\\/logo\\\/image\\\/\",\"url\":\"https:\\\/\\\/www.metalock.com.br\\\/wp-content\\\/uploads\\\/2020\\\/04\\\/cropped-selo_metalock.png\",\"contentUrl\":\"https:\\\/\\\/www.metalock.com.br\\\/wp-content\\\/uploads\\\/2020\\\/04\\\/cropped-selo_metalock.png\",\"width\":512,\"height\":512,\"caption\":\"Metalock Brasil Ltda.\"},\"image\":{\"@id\":\"https:\\\/\\\/www.metalock.com.br\\\/en\\\/#\\\/schema\\\/logo\\\/image\\\/\"},\"sameAs\":[\"https:\\\/\\\/facebook.com\\\/metalock.brasil\",\"https:\\\/\\\/www.instagram.com\\\/metalockbrasil\\\/\",\"https:\\\/\\\/www.linkedin.com\\\/company\\\/metalock-brasil-ltda-\\\/\"]}]}<\/script>\n<!-- \/ Yoast SEO plugin. -->","yoast_head_json":{"title":"[:pt]Pol\u00edtica Anticorrup\u00e7\u00e3o[:en]Anti-Corruption Policy[:] - Metalock","robots":{"index":"index","follow":"follow","max-snippet":"max-snippet:-1","max-image-preview":"max-image-preview:large","max-video-preview":"max-video-preview:-1"},"canonical":"https:\/\/www.metalock.com.br\/politica-anticorrupcao\/","og_locale":"en_US","og_type":"article","og_title":"[:pt]Pol\u00edtica Anticorrup\u00e7\u00e3o[:en]Anti-Corruption Policy[:] - Metalock","og_url":"https:\/\/www.metalock.com.br\/politica-anticorrupcao\/","og_site_name":"Metalock","article_publisher":"https:\/\/facebook.com\/metalock.brasil","article_modified_time":"2022-01-26T22:04:46+00:00","schema":{"@context":"https:\/\/schema.org","@graph":[{"@type":"WebPage","@id":"https:\/\/www.metalock.com.br\/politica-anticorrupcao\/","url":"https:\/\/www.metalock.com.br\/politica-anticorrupcao\/","name":"[:pt]Pol\u00edtica Anticorrup\u00e7\u00e3o[:en]Anti-Corruption Policy[:] - Metalock","isPartOf":{"@id":"https:\/\/www.metalock.com.br\/en\/#website"},"datePublished":"2020-11-13T18:02:33+00:00","dateModified":"2022-01-26T22:04:46+00:00","breadcrumb":{"@id":"https:\/\/www.metalock.com.br\/politica-anticorrupcao\/#breadcrumb"},"inLanguage":"en-US","potentialAction":[{"@type":"ReadAction","target":["https:\/\/www.metalock.com.br\/politica-anticorrupcao\/"]}]},{"@type":"BreadcrumbList","@id":"https:\/\/www.metalock.com.br\/politica-anticorrupcao\/#breadcrumb","itemListElement":[{"@type":"ListItem","position":1,"name":"In\u00edcio","item":"https:\/\/www.metalock.com.br\/en\/"},{"@type":"ListItem","position":2,"name":"Pol\u00edtica Anticorrup\u00e7\u00e3o"}]},{"@type":"WebSite","@id":"https:\/\/www.metalock.com.br\/en\/#website","url":"https:\/\/www.metalock.com.br\/en\/","name":"Metalock","description":"S\u00f3 mais um site WordPress","publisher":{"@id":"https:\/\/www.metalock.com.br\/en\/#organization"},"potentialAction":[{"@type":"SearchAction","target":{"@type":"EntryPoint","urlTemplate":"https:\/\/www.metalock.com.br\/en\/?s={search_term_string}"},"query-input":{"@type":"PropertyValueSpecification","valueRequired":true,"valueName":"search_term_string"}}],"inLanguage":"en-US"},{"@type":"Organization","@id":"https:\/\/www.metalock.com.br\/en\/#organization","name":"Metalock Brasil Ltda.","url":"https:\/\/www.metalock.com.br\/en\/","logo":{"@type":"ImageObject","inLanguage":"en-US","@id":"https:\/\/www.metalock.com.br\/en\/#\/schema\/logo\/image\/","url":"https:\/\/www.metalock.com.br\/wp-content\/uploads\/2020\/04\/cropped-selo_metalock.png","contentUrl":"https:\/\/www.metalock.com.br\/wp-content\/uploads\/2020\/04\/cropped-selo_metalock.png","width":512,"height":512,"caption":"Metalock Brasil Ltda."},"image":{"@id":"https:\/\/www.metalock.com.br\/en\/#\/schema\/logo\/image\/"},"sameAs":["https:\/\/facebook.com\/metalock.brasil","https:\/\/www.instagram.com\/metalockbrasil\/","https:\/\/www.linkedin.com\/company\/metalock-brasil-ltda-\/"]}]}},"_links":{"self":[{"href":"https:\/\/www.metalock.com.br\/en\/wp-json\/wp\/v2\/pages\/2146","targetHints":{"allow":["GET"]}}],"collection":[{"href":"https:\/\/www.metalock.com.br\/en\/wp-json\/wp\/v2\/pages"}],"about":[{"href":"https:\/\/www.metalock.com.br\/en\/wp-json\/wp\/v2\/types\/page"}],"author":[{"embeddable":true,"href":"https:\/\/www.metalock.com.br\/en\/wp-json\/wp\/v2\/users\/1"}],"replies":[{"embeddable":true,"href":"https:\/\/www.metalock.com.br\/en\/wp-json\/wp\/v2\/comments?post=2146"}],"version-history":[{"count":5,"href":"https:\/\/www.metalock.com.br\/en\/wp-json\/wp\/v2\/pages\/2146\/revisions"}],"predecessor-version":[{"id":2638,"href":"https:\/\/www.metalock.com.br\/en\/wp-json\/wp\/v2\/pages\/2146\/revisions\/2638"}],"wp:attachment":[{"href":"https:\/\/www.metalock.com.br\/en\/wp-json\/wp\/v2\/media?parent=2146"}],"curies":[{"name":"wp","href":"https:\/\/api.w.org\/{rel}","templated":true}]}}